{"id":27,"date":"2012-04-02T11:14:05","date_gmt":"2012-04-02T11:14:05","guid":{"rendered":"http:\/\/www.foerderverein-thermalbad-badbodendorf.de\/?page_id=27"},"modified":"2023-05-04T08:25:03","modified_gmt":"2023-05-04T06:25:03","slug":"willkommen","status":"publish","type":"page","link":"https:\/\/foerderverein-thermalbad-badbodendorf.de\/","title":{"rendered":"Willkommen"},"content":{"rendered":"<div id=\"attachment_666\" style=\"width: 300px\" class=\"wp-caption alignleft\"><img loading=\"lazy\" decoding=\"async\" aria-describedby=\"caption-attachment-666\" class=\"size-medium wp-image-666\" src=\"https:\/\/foerderverein-thermalbad-badbodendorf.de\/wp-content\/uploads\/2012\/04\/CIMG5138_klein-300x225.jpg\" alt=\"Thermalfreibad\" width=\"300\" height=\"225\" srcset=\"https:\/\/foerderverein-thermalbad-badbodendorf.de\/wp-content\/uploads\/2012\/04\/CIMG5138_klein-300x225.jpg 300w, https:\/\/foerderverein-thermalbad-badbodendorf.de\/wp-content\/uploads\/2012\/04\/CIMG5138_klein.jpg 640w\" sizes=\"auto, (max-width: 300px) 100vw, 300px\" \/><p id=\"caption-attachment-666\" class=\"wp-caption-text\">Hauptbecken<\/p><\/div>\n<p><strong><span style=\"font-size: large;\">Thermalfreibad Sinzig-Bad Bodendorf<\/span><\/strong><\/p>\n<p>&nbsp;<\/p>\n<p><span style=\"font-size: medium;\">Nostalgiebad \u2013 Kultbad &#8211; schwimmen im Heilwasser &#8211;<\/span><\/p>\n<p><span style=\"font-size: medium;\">das Spiegeln der alten Parkb\u00e4ume im blauen Wasser &#8211;<\/span><\/p>\n<p><span style=\"font-size: medium;\">zur Ruhe kommen &#8211; ungest\u00f6rt den Gedanken nachh\u00e4ngen<\/span><\/p>\n<p><span style=\"font-size: medium;\">k\u00f6nnen &#8211; mit den wei\u00dfen Wolken am blauen Himmel<\/span><\/p>\n<p><span style=\"font-size: medium;\">in die Ferne schweifen &#8211; mit einem der netten Badeg\u00e4ste<\/span><\/p>\n<p><span style=\"font-size: medium;\">einen Kaffee trinken &#8211; den ersten Schwimm\u00fcbungen<\/span><\/p>\n<p><span style=\"font-size: medium;\">der Kleinsten aus Frank Riffels Schwimmkursus zuschauen &#8211; selbst<\/span><\/p>\n<p><span style=\"font-size: medium;\">im Bad ein paar Runden drehen.<\/span><\/p>\n<p><span style=\"font-size: medium;\"><strong>Wann wird man das wieder k\u00f6nnen? Wann wird das Bad wieder im alten Glanz erstrahlen? <\/strong><\/span><\/p>\n<p><span style=\"font-size: medium;\"><strong>Die Flutkatastrophe an der Ahr hat unsere Hoffnung auf eine Wiederherstellung des Bades nicht zerst\u00f6rt &#8211; aber wir brauchen einen langen Atem, wir geben nicht auf!<\/strong><br \/>\n<\/span><\/p>\n<p>&nbsp;<\/p>\n<p><img loading=\"lazy\" decoding=\"async\" class=\"\" src=\"https:\/\/foerderverein-thermalbad-badbodendorf.de\/wp-content\/uploads\/WhatsApp-Image-2023-05-03-at-20.00.07.jpeg\" width=\"372\" height=\"526\" \/><\/p>\n<p>&nbsp;<\/p>\n<div id=\"attachment_674\" style=\"width: 300px\" class=\"wp-caption alignright\"><img loading=\"lazy\" decoding=\"async\" aria-describedby=\"caption-attachment-674\" class=\"size-medium wp-image-674\" src=\"https:\/\/foerderverein-thermalbad-badbodendorf.de\/wp-content\/uploads\/2012\/04\/CIMG5092-Kinderbecken_klein-300x225.jpg\" alt=\"Kinderbecken\" width=\"300\" height=\"225\" srcset=\"https:\/\/foerderverein-thermalbad-badbodendorf.de\/wp-content\/uploads\/2012\/04\/CIMG5092-Kinderbecken_klein-300x225.jpg 300w, https:\/\/foerderverein-thermalbad-badbodendorf.de\/wp-content\/uploads\/2012\/04\/CIMG5092-Kinderbecken_klein.jpg 640w\" sizes=\"auto, (max-width: 300px) 100vw, 300px\" \/><p id=\"caption-attachment-674\" class=\"wp-caption-text\">Kinderbecken<\/p><\/div>\n<p>Sybille Ender \/ Grafikdesign: Radzey<\/p>\n<p><span style=\"font-size: medium; line-height: 1.5em;\">Als sich im Sommer 2011 die Ger\u00fcchte verdichteten, das Bad k\u00f6nne geschlossen werden, fanden sich mehr als 350 Freunde des Thermalbades zusammen, um die einzigartige Anlage zu erhalten. In allerletzter Minute beschloss der Rat der Stadt Sinzig \u00fcber eine neue Pachtvergabe.<br \/>\n<\/span><\/p>\n<p>&nbsp;<\/p>\n<p><span style=\"font-size: medium; line-height: 1.5em;\">Die Initiative \u201eFreunde des Thermalfreibades Sinzig-Bad Bodendorf\u201c vom Sommer 2011 mauserte sich zu einem gemeinn\u00fctzigen Verein, der die P\u00e4chterfamilie mit Arbeitsstunden unterst\u00fctzt und Spenden zur behutsamen Modernisierung des Bades und Erhalt seines nostalgischen Charmes sammelt.<br \/>\n<\/span><\/p>\n<p>&nbsp;<\/p>\n<p><span style=\"font-size: medium; line-height: 1.5em;\">Gemeinsam setzt sich der F\u00f6rderverein f\u00fcr den Erhalt und die F\u00f6rderung des Thermalfreibades Sinzig &#8211; Bad Bodendorf ein, unter dem Motto: &#8222;Mit Rat und Tat f\u00fcr unser Thermalfreibad!&#8220;.<\/span><\/p>\n<p>&nbsp;<\/p>\n<p><span style=\"font-size: medium; line-height: 1.5em;\">Mit Ihrer Spende und\/oder Ihrer Mitgliedschaft helfen Sie dem Verein dabei, den Erhalt des Thermalfreibades zu sichern.<\/span><\/p>\n<p>&nbsp;<\/p>\n<p>&nbsp;<\/p>\n<p style=\"font-size: medium; line-height: 1.5em;\"><span style=\"font-size: medium;\">\u00a0<\/span><\/p>\n","protected":false},"excerpt":{"rendered":"<p>Thermalfreibad Sinzig-Bad Bodendorf &nbsp; Nostalgiebad \u2013 Kultbad &#8211; schwimmen im Heilwasser &#8211; das Spiegeln der alten Parkb\u00e4ume im blauen Wasser &#8211; zur Ruhe kommen &#8211; ungest\u00f6rt den Gedanken nachh\u00e4ngen k\u00f6nnen &#8211; mit den wei\u00dfen Wolken am blauen Himmel in die Ferne schweifen &#8211; mit einem der netten Badeg\u00e4ste einen Kaffee trinken &#8211; den ersten Schwimm\u00fcbungen &hellip; <\/p>\n<p><a class=\"more-link btn\" href=\"https:\/\/foerderverein-thermalbad-badbodendorf.de\/\">Weiterlesen<\/a><\/p>\n","protected":false},"author":1,"featured_media":0,"parent":0,"menu_order":0,"comment_status":"closed","ping_status":"closed","template":"","meta":{"footnotes":""},"class_list":["post-27","page","type-page","status-publish","hentry","nodate","item-wrap"],"yoast_head":"<!-- This site is optimized with the Yoast SEO plugin v27.1.1 - https:\/\/yoast.com\/product\/yoast-seo-wordpress\/ -->\n<title>Willkommen - Mit Rat und Tat f\u00fcr unser Thermalfreibad!<\/title>\n<meta name=\"description\" content=\"Gemmeinn\u00fctziger F\u00f6rderverein &quot;Freunde des Thermalfreibades Sinzig-Bad Bodendorf e.V.&quot;. Helfen Sie mit, den nostalgischen Charme des Bades zu erhalten!\" \/>\n<meta name=\"robots\" content=\"index, follow, max-snippet:-1, max-image-preview:large, max-video-preview:-1\" \/>\n<link rel=\"canonical\" href=\"https:\/\/foerderverein-thermalbad-badbodendorf.de\/\" \/>\n<meta name=\"twitter:label1\" content=\"Gesch\u00e4tzte Lesezeit\" \/>\n\t<meta name=\"twitter:data1\" content=\"1\u00a0Minute\" \/>\n<script type=\"application\/ld+json\" class=\"yoast-schema-graph\">{\"@context\":\"https:\/\/schema.org\",\"@graph\":[{\"@type\":\"WebPage\",\"@id\":\"https:\/\/foerderverein-thermalbad-badbodendorf.de\/\",\"url\":\"https:\/\/foerderverein-thermalbad-badbodendorf.de\/\",\"name\":\"Willkommen - Mit Rat und Tat f\u00fcr unser Thermalfreibad!\",\"isPartOf\":{\"@id\":\"https:\/\/foerderverein-thermalbad-badbodendorf.de\/#website\"},\"primaryImageOfPage\":{\"@id\":\"https:\/\/foerderverein-thermalbad-badbodendorf.de\/#primaryimage\"},\"image\":{\"@id\":\"https:\/\/foerderverein-thermalbad-badbodendorf.de\/#primaryimage\"},\"thumbnailUrl\":\"http:\/\/foerderverein-thermalbad-badbodendorf.de\/wp-content\/uploads\/2012\/04\/CIMG5138_klein-300x225.jpg\",\"datePublished\":\"2012-04-02T11:14:05+00:00\",\"dateModified\":\"2023-05-04T06:25:03+00:00\",\"description\":\"Gemmeinn\u00fctziger F\u00f6rderverein \\\"Freunde des Thermalfreibades Sinzig-Bad Bodendorf e.V.\\\". Helfen Sie mit, den nostalgischen Charme des Bades zu erhalten!\",\"inLanguage\":\"de\",\"potentialAction\":[{\"@type\":\"ReadAction\",\"target\":[\"https:\/\/foerderverein-thermalbad-badbodendorf.de\/\"]}]},{\"@type\":\"ImageObject\",\"inLanguage\":\"de\",\"@id\":\"https:\/\/foerderverein-thermalbad-badbodendorf.de\/#primaryimage\",\"url\":\"http:\/\/foerderverein-thermalbad-badbodendorf.de\/wp-content\/uploads\/2012\/04\/CIMG5138_klein-300x225.jpg\",\"contentUrl\":\"http:\/\/foerderverein-thermalbad-badbodendorf.de\/wp-content\/uploads\/2012\/04\/CIMG5138_klein-300x225.jpg\"},{\"@type\":\"WebSite\",\"@id\":\"https:\/\/foerderverein-thermalbad-badbodendorf.de\/#website\",\"url\":\"https:\/\/foerderverein-thermalbad-badbodendorf.de\/\",\"name\":\"Mit Rat und Tat f\u00fcr unser Thermalfreibad!\",\"description\":\"\",\"potentialAction\":[{\"@type\":\"SearchAction\",\"target\":{\"@type\":\"EntryPoint\",\"urlTemplate\":\"https:\/\/foerderverein-thermalbad-badbodendorf.de\/?s={search_term_string}\"},\"query-input\":{\"@type\":\"PropertyValueSpecification\",\"valueRequired\":true,\"valueName\":\"search_term_string\"}}],\"inLanguage\":\"de\"}]}<\/script>\n<!-- \/ Yoast SEO plugin. -->","yoast_head_json":{"title":"Willkommen - Mit Rat und Tat f\u00fcr unser Thermalfreibad!","description":"Gemmeinn\u00fctziger F\u00f6rderverein \"Freunde des Thermalfreibades Sinzig-Bad Bodendorf e.V.\". Helfen Sie mit, den nostalgischen Charme des Bades zu erhalten!","robots":{"index":"index","follow":"follow","max-snippet":"max-snippet:-1","max-image-preview":"max-image-preview:large","max-video-preview":"max-video-preview:-1"},"canonical":"https:\/\/foerderverein-thermalbad-badbodendorf.de\/","twitter_misc":{"Gesch\u00e4tzte Lesezeit":"1\u00a0Minute"},"schema":{"@context":"https:\/\/schema.org","@graph":[{"@type":"WebPage","@id":"https:\/\/foerderverein-thermalbad-badbodendorf.de\/","url":"https:\/\/foerderverein-thermalbad-badbodendorf.de\/","name":"Willkommen - Mit Rat und Tat f\u00fcr unser Thermalfreibad!","isPartOf":{"@id":"https:\/\/foerderverein-thermalbad-badbodendorf.de\/#website"},"primaryImageOfPage":{"@id":"https:\/\/foerderverein-thermalbad-badbodendorf.de\/#primaryimage"},"image":{"@id":"https:\/\/foerderverein-thermalbad-badbodendorf.de\/#primaryimage"},"thumbnailUrl":"http:\/\/foerderverein-thermalbad-badbodendorf.de\/wp-content\/uploads\/2012\/04\/CIMG5138_klein-300x225.jpg","datePublished":"2012-04-02T11:14:05+00:00","dateModified":"2023-05-04T06:25:03+00:00","description":"Gemmeinn\u00fctziger F\u00f6rderverein \"Freunde des Thermalfreibades Sinzig-Bad Bodendorf e.V.\". Helfen Sie mit, den nostalgischen Charme des Bades zu erhalten!","inLanguage":"de","potentialAction":[{"@type":"ReadAction","target":["https:\/\/foerderverein-thermalbad-badbodendorf.de\/"]}]},{"@type":"ImageObject","inLanguage":"de","@id":"https:\/\/foerderverein-thermalbad-badbodendorf.de\/#primaryimage","url":"http:\/\/foerderverein-thermalbad-badbodendorf.de\/wp-content\/uploads\/2012\/04\/CIMG5138_klein-300x225.jpg","contentUrl":"http:\/\/foerderverein-thermalbad-badbodendorf.de\/wp-content\/uploads\/2012\/04\/CIMG5138_klein-300x225.jpg"},{"@type":"WebSite","@id":"https:\/\/foerderverein-thermalbad-badbodendorf.de\/#website","url":"https:\/\/foerderverein-thermalbad-badbodendorf.de\/","name":"Mit Rat und Tat f\u00fcr unser Thermalfreibad!","description":"","potentialAction":[{"@type":"SearchAction","target":{"@type":"EntryPoint","urlTemplate":"https:\/\/foerderverein-thermalbad-badbodendorf.de\/?s={search_term_string}"},"query-input":{"@type":"PropertyValueSpecification","valueRequired":true,"valueName":"search_term_string"}}],"inLanguage":"de"}]}},"_links":{"self":[{"href":"https:\/\/foerderverein-thermalbad-badbodendorf.de\/index.php?rest_route=\/wp\/v2\/pages\/27","targetHints":{"allow":["GET"]}}],"collection":[{"href":"https:\/\/foerderverein-thermalbad-badbodendorf.de\/index.php?rest_route=\/wp\/v2\/pages"}],"about":[{"href":"https:\/\/foerderverein-thermalbad-badbodendorf.de\/index.php?rest_route=\/wp\/v2\/types\/page"}],"author":[{"embeddable":true,"href":"https:\/\/foerderverein-thermalbad-badbodendorf.de\/index.php?rest_route=\/wp\/v2\/users\/1"}],"replies":[{"embeddable":true,"href":"https:\/\/foerderverein-thermalbad-badbodendorf.de\/index.php?rest_route=%2Fwp%2Fv2%2Fcomments&post=27"}],"version-history":[{"count":5,"href":"https:\/\/foerderverein-thermalbad-badbodendorf.de\/index.php?rest_route=\/wp\/v2\/pages\/27\/revisions"}],"predecessor-version":[{"id":2912,"href":"https:\/\/foerderverein-thermalbad-badbodendorf.de\/index.php?rest_route=\/wp\/v2\/pages\/27\/revisions\/2912"}],"wp:attachment":[{"href":"https:\/\/foerderverein-thermalbad-badbodendorf.de\/index.php?rest_route=%2Fwp%2Fv2%2Fmedia&parent=27"}],"curies":[{"name":"wp","href":"https:\/\/api.w.org\/{rel}","templated":true}]}}