{"id":285,"date":"2012-05-09T11:22:14","date_gmt":"2012-05-09T09:22:14","guid":{"rendered":"http:\/\/www.foerderverein-thermalbad-badbodendorf.de\/?page_id=285"},"modified":"2014-03-20T11:48:51","modified_gmt":"2014-03-20T10:48:51","slug":"spenden","status":"publish","type":"page","link":"https:\/\/foerderverein-thermalbad-badbodendorf.de\/?page_id=285","title":{"rendered":"Spendeninformation"},"content":{"rendered":"<p>&nbsp;<\/p>\n<p><span style=\"font-size: medium; line-height: 1.5em;\">Gerne nehmen wir jederzeit Spenden an. Auch der kleinste Betrag hilft, unser Thermalfreibad f\u00fcr alle als einen Ort der Entspannung und Gesundheitsf\u00f6rderung zu verbessern. Hieran sollen auch behinderte Menschen ohne gr\u00f6\u00dfere Schwierigkeiten teilhaben k\u00f6nnen, weshalb wir die Schaffung von barrierefreien Zug\u00e4ngen zum Bad f\u00fcr Menschen mit Behinderung erm\u00f6glichen wollen.<\/span><\/p>\n<p><span style=\"font-size: medium; line-height: 1.5em;\">Mit Ihrer Spende unterst\u00fctzen Sie sinnvolle Arbeiten zur Verbesserung und zum Erhalt des Thermalfreibades. Dies kann sich auf gr\u00f6\u00dfere und kleinere Investitionen (z.B. gr\u00f6\u00dfere f\u00fcr die Verbesserung des energetischen Verbrauchs oder auch kleinere f\u00fcr die Versch\u00f6nerung des Parks oder des Badebereichs) beziehen.<\/span><\/p>\n<p><span style=\"font-size: medium; line-height: 1.5em;\">Hierhin k\u00f6nnen Sie Ihre Spende \u00fcberweisen:<\/span><\/p>\n<p>&nbsp;<\/p>\n<p style=\"text-align: center;\"><span style=\"font-size: large; line-height: 1.5em;\"><strong>Kreissparkasse Ahrweiler<\/strong><\/span><span style=\"font-size: large; line-height: 1.5em;\"><br \/>\n(Kontonummer: 188243, <\/span><span style=\"font-size: large; line-height: 1.5em;\">BLZ: 57751310)<br \/>\nIBAN: DE37 5775 1310 0000 1882 43<br \/>\nBIC: MALADE 51 AHR<br \/>\n<\/span><\/p>\n<p>&nbsp;<\/p>\n<p style=\"text-align: center;\"><strong><span style=\"font-size: large; line-height: 1.5em;\">Volksbank RheinAhrEifel eG<\/span><span style=\"font-size: large; line-height: 1.5em;\"><br \/>\n(<\/span><\/strong><span style=\"font-size: large; line-height: 1.5em;\">Kontonummer: 488719800<\/span><span style=\"font-size: large; line-height: 1.5em;\">, BLZ: 57761591)<br \/>\nIBAN: DE30 5776 1591 0488 7198 00<br \/>\nBIC: GENODE D1 BNA<br \/>\n<\/span><\/p>\n<p style=\"text-align: center;\"><span style=\"font-size: large; line-height: 1.5em;\"><br \/>\n<\/span><\/p>\n<p style=\"text-align: center;\"><span style=\"font-size: medium;\"><em>Die Freunde des Thermalfreibades Sinzig-Bad Bodendorf bedanken sich herzlich f\u00fcr Ihre Spenden!<\/em><\/span><\/p>\n<p>&nbsp;<\/p>\n<p>&nbsp;<\/p>\n<p><span style=\"font-size: medium; line-height: 1.5em;\">Der Verein leitet gesammelte Spenden<strong> zweckgebunden<\/strong> f\u00fcr das Thermalbad an die Stadt Sinzig weiter, die die Gelder entsprechend den Vorgaben des F\u00f6rdervereins f\u00fcr das Thermalfreibad verwenden muss.<\/span><\/p>\n<p><span style=\"font-size: medium; line-height: 1.5em;\">Da der Verein durch das Finanzamt Bad Neuenahr-Ahrweiler als gemeinn\u00fctzig anerkannt ist, erhalten Sie eine Spendenquittung, die Sie auch steuerlich absetzen k\u00f6nnen. <em>(Steuernummer 01\/660\/12906)<\/em><\/span><\/p>\n<p>&nbsp;<\/p>\n<p><span style=\"font-size: medium; line-height: 1.5em;\">Weitere Informationen erhalten Sie unter dem Punkt <a title=\"Beitritt\" href=\"https:\/\/foerderverein-thermalbad-badbodendorf.de\/?page_id=283\">\u201cBeitritt\u201d<\/a>, unter dem Sie u.a. die Beitrittserkl\u00e4rung ausdrucken k\u00f6nnen.<br \/>\n<\/span><\/p>\n<p>&nbsp;<\/p>\n","protected":false},"excerpt":{"rendered":"<p>&nbsp; Gerne nehmen wir jederzeit Spenden an. Auch der kleinste Betrag hilft, unser Thermalfreibad f\u00fcr alle als einen Ort der Entspannung und Gesundheitsf\u00f6rderung zu verbessern. Hieran sollen auch behinderte Menschen ohne gr\u00f6\u00dfere Schwierigkeiten teilhaben k\u00f6nnen, weshalb wir die Schaffung von barrierefreien Zug\u00e4ngen zum Bad f\u00fcr Menschen mit Behinderung erm\u00f6glichen wollen. Mit Ihrer Spende unterst\u00fctzen Sie &hellip; <\/p>\n<p><a class=\"more-link btn\" href=\"https:\/\/foerderverein-thermalbad-badbodendorf.de\/?page_id=285\">Weiterlesen<\/a><\/p>\n","protected":false},"author":1,"featured_media":0,"parent":749,"menu_order":5,"comment_status":"closed","ping_status":"closed","template":"","meta":{"footnotes":""},"class_list":["post-285","page","type-page","status-publish","hentry","nodate","item-wrap"],"yoast_head":"<!-- This site is optimized with the Yoast SEO plugin v27.1.1 - https:\/\/yoast.com\/product\/yoast-seo-wordpress\/ -->\n<title>Spendeninformation - Mit Rat und Tat f\u00fcr unser Thermalfreibad!<\/title>\n<meta name=\"robots\" content=\"index, follow, max-snippet:-1, max-image-preview:large, max-video-preview:-1\" \/>\n<link rel=\"canonical\" href=\"https:\/\/foerderverein-thermalbad-badbodendorf.de\/?page_id=285\" \/>\n<meta name=\"twitter:label1\" content=\"Gesch\u00e4tzte Lesezeit\" \/>\n\t<meta name=\"twitter:data1\" content=\"1\u00a0Minute\" \/>\n<script type=\"application\/ld+json\" class=\"yoast-schema-graph\">{\"@context\":\"https:\/\/schema.org\",\"@graph\":[{\"@type\":\"WebPage\",\"@id\":\"https:\/\/foerderverein-thermalbad-badbodendorf.de\/?page_id=285\",\"url\":\"https:\/\/foerderverein-thermalbad-badbodendorf.de\/?page_id=285\",\"name\":\"Spendeninformation - Mit Rat und Tat f\u00fcr unser Thermalfreibad!\",\"isPartOf\":{\"@id\":\"https:\/\/foerderverein-thermalbad-badbodendorf.de\/#website\"},\"datePublished\":\"2012-05-09T09:22:14+00:00\",\"dateModified\":\"2014-03-20T10:48:51+00:00\",\"breadcrumb\":{\"@id\":\"https:\/\/foerderverein-thermalbad-badbodendorf.de\/?page_id=285#breadcrumb\"},\"inLanguage\":\"de\",\"potentialAction\":[{\"@type\":\"ReadAction\",\"target\":[\"https:\/\/foerderverein-thermalbad-badbodendorf.de\/?page_id=285\"]}]},{\"@type\":\"BreadcrumbList\",\"@id\":\"https:\/\/foerderverein-thermalbad-badbodendorf.de\/?page_id=285#breadcrumb\",\"itemListElement\":[{\"@type\":\"ListItem\",\"position\":1,\"name\":\"Spenden\",\"item\":\"https:\/\/foerderverein-thermalbad-badbodendorf.de\/?page_id=749\"},{\"@type\":\"ListItem\",\"position\":2,\"name\":\"Spendeninformation\"}]},{\"@type\":\"WebSite\",\"@id\":\"https:\/\/foerderverein-thermalbad-badbodendorf.de\/#website\",\"url\":\"https:\/\/foerderverein-thermalbad-badbodendorf.de\/\",\"name\":\"Mit Rat und Tat f\u00fcr unser Thermalfreibad!\",\"description\":\"\",\"potentialAction\":[{\"@type\":\"SearchAction\",\"target\":{\"@type\":\"EntryPoint\",\"urlTemplate\":\"https:\/\/foerderverein-thermalbad-badbodendorf.de\/?s={search_term_string}\"},\"query-input\":{\"@type\":\"PropertyValueSpecification\",\"valueRequired\":true,\"valueName\":\"search_term_string\"}}],\"inLanguage\":\"de\"}]}<\/script>\n<!-- \/ Yoast SEO plugin. -->","yoast_head_json":{"title":"Spendeninformation - Mit Rat und Tat f\u00fcr unser Thermalfreibad!","robots":{"index":"index","follow":"follow","max-snippet":"max-snippet:-1","max-image-preview":"max-image-preview:large","max-video-preview":"max-video-preview:-1"},"canonical":"https:\/\/foerderverein-thermalbad-badbodendorf.de\/?page_id=285","twitter_misc":{"Gesch\u00e4tzte Lesezeit":"1\u00a0Minute"},"schema":{"@context":"https:\/\/schema.org","@graph":[{"@type":"WebPage","@id":"https:\/\/foerderverein-thermalbad-badbodendorf.de\/?page_id=285","url":"https:\/\/foerderverein-thermalbad-badbodendorf.de\/?page_id=285","name":"Spendeninformation - Mit Rat und Tat f\u00fcr unser Thermalfreibad!","isPartOf":{"@id":"https:\/\/foerderverein-thermalbad-badbodendorf.de\/#website"},"datePublished":"2012-05-09T09:22:14+00:00","dateModified":"2014-03-20T10:48:51+00:00","breadcrumb":{"@id":"https:\/\/foerderverein-thermalbad-badbodendorf.de\/?page_id=285#breadcrumb"},"inLanguage":"de","potentialAction":[{"@type":"ReadAction","target":["https:\/\/foerderverein-thermalbad-badbodendorf.de\/?page_id=285"]}]},{"@type":"BreadcrumbList","@id":"https:\/\/foerderverein-thermalbad-badbodendorf.de\/?page_id=285#breadcrumb","itemListElement":[{"@type":"ListItem","position":1,"name":"Spenden","item":"https:\/\/foerderverein-thermalbad-badbodendorf.de\/?page_id=749"},{"@type":"ListItem","position":2,"name":"Spendeninformation"}]},{"@type":"WebSite","@id":"https:\/\/foerderverein-thermalbad-badbodendorf.de\/#website","url":"https:\/\/foerderverein-thermalbad-badbodendorf.de\/","name":"Mit Rat und Tat f\u00fcr unser Thermalfreibad!","description":"","potentialAction":[{"@type":"SearchAction","target":{"@type":"EntryPoint","urlTemplate":"https:\/\/foerderverein-thermalbad-badbodendorf.de\/?s={search_term_string}"},"query-input":{"@type":"PropertyValueSpecification","valueRequired":true,"valueName":"search_term_string"}}],"inLanguage":"de"}]}},"_links":{"self":[{"href":"https:\/\/foerderverein-thermalbad-badbodendorf.de\/index.php?rest_route=\/wp\/v2\/pages\/285","targetHints":{"allow":["GET"]}}],"collection":[{"href":"https:\/\/foerderverein-thermalbad-badbodendorf.de\/index.php?rest_route=\/wp\/v2\/pages"}],"about":[{"href":"https:\/\/foerderverein-thermalbad-badbodendorf.de\/index.php?rest_route=\/wp\/v2\/types\/page"}],"author":[{"embeddable":true,"href":"https:\/\/foerderverein-thermalbad-badbodendorf.de\/index.php?rest_route=\/wp\/v2\/users\/1"}],"replies":[{"embeddable":true,"href":"https:\/\/foerderverein-thermalbad-badbodendorf.de\/index.php?rest_route=%2Fwp%2Fv2%2Fcomments&post=285"}],"version-history":[{"count":5,"href":"https:\/\/foerderverein-thermalbad-badbodendorf.de\/index.php?rest_route=\/wp\/v2\/pages\/285\/revisions"}],"predecessor-version":[{"id":901,"href":"https:\/\/foerderverein-thermalbad-badbodendorf.de\/index.php?rest_route=\/wp\/v2\/pages\/285\/revisions\/901"}],"up":[{"embeddable":true,"href":"https:\/\/foerderverein-thermalbad-badbodendorf.de\/index.php?rest_route=\/wp\/v2\/pages\/749"}],"wp:attachment":[{"href":"https:\/\/foerderverein-thermalbad-badbodendorf.de\/index.php?rest_route=%2Fwp%2Fv2%2Fmedia&parent=285"}],"curies":[{"name":"wp","href":"https:\/\/api.w.org\/{rel}","templated":true}]}}