{"id":6,"date":"2012-04-02T09:20:58","date_gmt":"2012-04-02T07:20:58","guid":{"rendered":"http:\/\/www.foerderverein-thermalbad-badbodendorf.de\/?page_id=6"},"modified":"2025-06-24T13:08:21","modified_gmt":"2025-06-24T11:08:21","slug":"ueber-uns","status":"publish","type":"page","link":"https:\/\/foerderverein-thermalbad-badbodendorf.de\/?page_id=6","title":{"rendered":"\u00dcber uns"},"content":{"rendered":"\n<h2 class=\"wp-block-heading\">Vorstand<\/h2>\n\n\n\n<h2 class=\"wp-block-heading\">Auf der Mitgliederversammlung vom 26. November 2024&nbsp; wurde der alte Vorstand lt. Mitgliederentscheid &#8211; ohne Wahlvorgang &#8211; bis 2026 im Amt best\u00e4tigt.<\/h2>\n\n\n\n<p>&nbsp;<\/p>\n\n\n\n<figure class=\"wp-block-table\"><table class=\"has-fixed-layout\"><tbody><tr><td>Vorsitzender:<\/td><td>Hans Diedenhofen<\/td><\/tr><tr><td>Stellvertreter:<\/td><td>J\u00fcrgen Beyer<\/td><\/tr><tr><td>Kassierer:&nbsp;<\/td><td>Albert Strohe<\/td><\/tr><tr><td>Schriftf\u00fchrer:<\/td><td>Michael Zahrobsky<\/td><\/tr><tr><td>2.&nbsp; Beisitzer:<\/td><td>Elke B\u00fcnger, Marion Scharrenbach (ehem. Latzel)<\/td><\/tr><tr><td><\/td><td><\/td><\/tr><\/tbody><\/table><\/figure>\n\n\n\n<p>&nbsp;Stand: 26. November 2024<\/p>\n","protected":false},"excerpt":{"rendered":"<p>Vorstand Auf der Mitgliederversammlung vom 26. November 2024&nbsp; wurde der alte Vorstand lt. Mitgliederentscheid &#8211; ohne Wahlvorgang &#8211; bis 2026 im Amt best\u00e4tigt. &nbsp; Vorsitzender: Hans Diedenhofen Stellvertreter: J\u00fcrgen Beyer Kassierer:&nbsp; Albert Strohe Schriftf\u00fchrer: Michael Zahrobsky 2.&nbsp; Beisitzer: Elke B\u00fcnger, Marion Scharrenbach (ehem. Latzel) &nbsp;Stand: 26. November 2024<\/p>\n","protected":false},"author":1,"featured_media":0,"parent":0,"menu_order":10,"comment_status":"closed","ping_status":"closed","template":"","meta":{"footnotes":""},"class_list":["post-6","page","type-page","status-publish","hentry","nodate","item-wrap"],"yoast_head":"<!-- This site is optimized with the Yoast SEO plugin v27.1.1 - https:\/\/yoast.com\/product\/yoast-seo-wordpress\/ -->\n<title>\u00dcber uns - Mit Rat und Tat f\u00fcr unser Thermalfreibad!<\/title>\n<meta name=\"robots\" content=\"index, follow, max-snippet:-1, max-image-preview:large, max-video-preview:-1\" \/>\n<link rel=\"canonical\" href=\"https:\/\/foerderverein-thermalbad-badbodendorf.de\/?page_id=6\" \/>\n<meta name=\"twitter:label1\" content=\"Gesch\u00e4tzte Lesezeit\" \/>\n\t<meta name=\"twitter:data1\" content=\"1\u00a0Minute\" \/>\n<script type=\"application\/ld+json\" class=\"yoast-schema-graph\">{\"@context\":\"https:\/\/schema.org\",\"@graph\":[{\"@type\":\"WebPage\",\"@id\":\"https:\/\/foerderverein-thermalbad-badbodendorf.de\/?page_id=6\",\"url\":\"https:\/\/foerderverein-thermalbad-badbodendorf.de\/?page_id=6\",\"name\":\"\u00dcber uns - Mit Rat und Tat f\u00fcr unser Thermalfreibad!\",\"isPartOf\":{\"@id\":\"https:\/\/foerderverein-thermalbad-badbodendorf.de\/#website\"},\"datePublished\":\"2012-04-02T07:20:58+00:00\",\"dateModified\":\"2025-06-24T11:08:21+00:00\",\"inLanguage\":\"de\",\"potentialAction\":[{\"@type\":\"ReadAction\",\"target\":[\"https:\/\/foerderverein-thermalbad-badbodendorf.de\/?page_id=6\"]}]},{\"@type\":\"WebSite\",\"@id\":\"https:\/\/foerderverein-thermalbad-badbodendorf.de\/#website\",\"url\":\"https:\/\/foerderverein-thermalbad-badbodendorf.de\/\",\"name\":\"Mit Rat und Tat f\u00fcr unser Thermalfreibad!\",\"description\":\"\",\"potentialAction\":[{\"@type\":\"SearchAction\",\"target\":{\"@type\":\"EntryPoint\",\"urlTemplate\":\"https:\/\/foerderverein-thermalbad-badbodendorf.de\/?s={search_term_string}\"},\"query-input\":{\"@type\":\"PropertyValueSpecification\",\"valueRequired\":true,\"valueName\":\"search_term_string\"}}],\"inLanguage\":\"de\"}]}<\/script>\n<!-- \/ Yoast SEO plugin. -->","yoast_head_json":{"title":"\u00dcber uns - Mit Rat und Tat f\u00fcr unser Thermalfreibad!","robots":{"index":"index","follow":"follow","max-snippet":"max-snippet:-1","max-image-preview":"max-image-preview:large","max-video-preview":"max-video-preview:-1"},"canonical":"https:\/\/foerderverein-thermalbad-badbodendorf.de\/?page_id=6","twitter_misc":{"Gesch\u00e4tzte Lesezeit":"1\u00a0Minute"},"schema":{"@context":"https:\/\/schema.org","@graph":[{"@type":"WebPage","@id":"https:\/\/foerderverein-thermalbad-badbodendorf.de\/?page_id=6","url":"https:\/\/foerderverein-thermalbad-badbodendorf.de\/?page_id=6","name":"\u00dcber uns - Mit Rat und Tat f\u00fcr unser Thermalfreibad!","isPartOf":{"@id":"https:\/\/foerderverein-thermalbad-badbodendorf.de\/#website"},"datePublished":"2012-04-02T07:20:58+00:00","dateModified":"2025-06-24T11:08:21+00:00","inLanguage":"de","potentialAction":[{"@type":"ReadAction","target":["https:\/\/foerderverein-thermalbad-badbodendorf.de\/?page_id=6"]}]},{"@type":"WebSite","@id":"https:\/\/foerderverein-thermalbad-badbodendorf.de\/#website","url":"https:\/\/foerderverein-thermalbad-badbodendorf.de\/","name":"Mit Rat und Tat f\u00fcr unser Thermalfreibad!","description":"","potentialAction":[{"@type":"SearchAction","target":{"@type":"EntryPoint","urlTemplate":"https:\/\/foerderverein-thermalbad-badbodendorf.de\/?s={search_term_string}"},"query-input":{"@type":"PropertyValueSpecification","valueRequired":true,"valueName":"search_term_string"}}],"inLanguage":"de"}]}},"_links":{"self":[{"href":"https:\/\/foerderverein-thermalbad-badbodendorf.de\/index.php?rest_route=\/wp\/v2\/pages\/6","targetHints":{"allow":["GET"]}}],"collection":[{"href":"https:\/\/foerderverein-thermalbad-badbodendorf.de\/index.php?rest_route=\/wp\/v2\/pages"}],"about":[{"href":"https:\/\/foerderverein-thermalbad-badbodendorf.de\/index.php?rest_route=\/wp\/v2\/types\/page"}],"author":[{"embeddable":true,"href":"https:\/\/foerderverein-thermalbad-badbodendorf.de\/index.php?rest_route=\/wp\/v2\/users\/1"}],"replies":[{"embeddable":true,"href":"https:\/\/foerderverein-thermalbad-badbodendorf.de\/index.php?rest_route=%2Fwp%2Fv2%2Fcomments&post=6"}],"version-history":[{"count":5,"href":"https:\/\/foerderverein-thermalbad-badbodendorf.de\/index.php?rest_route=\/wp\/v2\/pages\/6\/revisions"}],"predecessor-version":[{"id":2929,"href":"https:\/\/foerderverein-thermalbad-badbodendorf.de\/index.php?rest_route=\/wp\/v2\/pages\/6\/revisions\/2929"}],"wp:attachment":[{"href":"https:\/\/foerderverein-thermalbad-badbodendorf.de\/index.php?rest_route=%2Fwp%2Fv2%2Fmedia&parent=6"}],"curies":[{"name":"wp","href":"https:\/\/api.w.org\/{rel}","templated":true}]}}