{"id":670,"date":"2013-01-02T12:41:21","date_gmt":"2013-01-02T11:41:21","guid":{"rendered":"http:\/\/foerderverein-thermalbad-badbodendorf.de\/?page_id=670"},"modified":"2019-01-30T13:48:14","modified_gmt":"2019-01-30T12:48:14","slug":"anfange","status":"publish","type":"page","link":"https:\/\/foerderverein-thermalbad-badbodendorf.de\/?page_id=670","title":{"rendered":"Entstehung"},"content":{"rendered":"<p><span style=\"font-size: medium; line-height: 1.5em;\">Als sich im Sommer 2011 die Ger\u00fcchte verdichteten, das Bad k\u00f6nne geschlossen werden, fanden sich mehr als 350 Freunde des Thermalbades zusammen, um die einzigartige Anlage zu erhalten. Bis M\u00e4rz 2012 wogten die Diskussionen um das Bad, m\u00f6gliche Konzepte wurden erarbeitet und temperamentvoll diskutiert.<\/span><\/p>\n<p><span style=\"font-size: medium; line-height: 1.5em;\">In allerletzter Minute beschloss der Rat der Stadt Sinzig, das Bad dem langj\u00e4hrigen Schwimmmeister, Frank Riffel, als P\u00e4chter anzuvertrauen \u2013 und damit auch das Konzept einer behutsamen Renovierung und Modernisierung, die den Charme des Bades unterst\u00fctzen werden.<\/span><\/p>\n<p>&nbsp;<\/p>\n<p><span style=\"font-size: medium; line-height: 1.5em;\">Die Initiative \u201eFreunde des Thermalfreibades Sinzig-Bad Bodendorf\u201c vom Sommer 2011 hat sich mittlerweile zu einem gemeinn\u00fctzigen Verein gemausert, der die Familie Riffel in der kurzen Zeit vom Abschlusses des Vertrages mit der Stadt Sinzig, Anfang M\u00e4rz, bis zur Saisoner\u00f6ffnung am Gr\u00fcndonnerstag beim \u201eFr\u00fchjahrsputz\u201c mit mehr als 1000 Arbeitstunden unterst\u00fctzt hat. Im Sommer 2012 wurde das Thermalfreibad 75 Jahre alt. Zu diesem Anlass gab es eine gro\u00dfe Feier.<br \/>\n<\/span><\/p>\n<p>&nbsp;<\/p>\n<p><span style=\"font-size: medium; line-height: 1.5em;\">Das Finanzamt Bad Neuenahr-Ahrweiler hat dem F\u00f6rderverein \u201eThermalfreibad Sinzig &#8211; Bad Bodendorf\u201c am 30. April 2012 die Gemeinn\u00fctzigkeit zuerkannt. <\/span><em><span style=\"font-size: medium; line-height: 1.5em;\">(Steuer Nummer 01\/660\/12906)<\/span><\/em><\/p>\n<p>&nbsp;<\/p>\n<p><span style=\"font-size: medium; line-height: 1.5em;\">Mit Ihrer Spende und\/oder Ihrer Mitgliedschaft helfen Sie dem Verein dabei, den Erhalt des Thermalfreibades zu sichern!<\/span><\/p>\n","protected":false},"excerpt":{"rendered":"<p>Als sich im Sommer 2011 die Ger\u00fcchte verdichteten, das Bad k\u00f6nne geschlossen werden, fanden sich mehr als 350 Freunde des Thermalbades zusammen, um die einzigartige Anlage zu erhalten. Bis M\u00e4rz 2012 wogten die Diskussionen um das Bad, m\u00f6gliche Konzepte wurden erarbeitet und temperamentvoll diskutiert. In allerletzter Minute beschloss der Rat der Stadt Sinzig, das Bad &hellip; <\/p>\n<p><a class=\"more-link btn\" href=\"https:\/\/foerderverein-thermalbad-badbodendorf.de\/?page_id=670\">Weiterlesen<\/a><\/p>\n","protected":false},"author":1,"featured_media":0,"parent":6,"menu_order":1,"comment_status":"closed","ping_status":"open","template":"","meta":{"footnotes":""},"class_list":["post-670","page","type-page","status-publish","hentry","nodate","item-wrap"],"yoast_head":"<!-- This site is optimized with the Yoast SEO plugin v27.1.1 - https:\/\/yoast.com\/product\/yoast-seo-wordpress\/ -->\n<title>Entstehung - Mit Rat und Tat f\u00fcr unser Thermalfreibad!<\/title>\n<meta name=\"robots\" content=\"index, follow, max-snippet:-1, max-image-preview:large, max-video-preview:-1\" \/>\n<link rel=\"canonical\" href=\"https:\/\/foerderverein-thermalbad-badbodendorf.de\/?page_id=670\" \/>\n<meta name=\"twitter:label1\" content=\"Gesch\u00e4tzte Lesezeit\" \/>\n\t<meta name=\"twitter:data1\" content=\"1\u00a0Minute\" \/>\n<script type=\"application\/ld+json\" class=\"yoast-schema-graph\">{\"@context\":\"https:\/\/schema.org\",\"@graph\":[{\"@type\":\"WebPage\",\"@id\":\"https:\/\/foerderverein-thermalbad-badbodendorf.de\/?page_id=670\",\"url\":\"https:\/\/foerderverein-thermalbad-badbodendorf.de\/?page_id=670\",\"name\":\"Entstehung - Mit Rat und Tat f\u00fcr unser Thermalfreibad!\",\"isPartOf\":{\"@id\":\"https:\/\/foerderverein-thermalbad-badbodendorf.de\/#website\"},\"datePublished\":\"2013-01-02T11:41:21+00:00\",\"dateModified\":\"2019-01-30T12:48:14+00:00\",\"breadcrumb\":{\"@id\":\"https:\/\/foerderverein-thermalbad-badbodendorf.de\/?page_id=670#breadcrumb\"},\"inLanguage\":\"de\",\"potentialAction\":[{\"@type\":\"ReadAction\",\"target\":[\"https:\/\/foerderverein-thermalbad-badbodendorf.de\/?page_id=670\"]}]},{\"@type\":\"BreadcrumbList\",\"@id\":\"https:\/\/foerderverein-thermalbad-badbodendorf.de\/?page_id=670#breadcrumb\",\"itemListElement\":[{\"@type\":\"ListItem\",\"position\":1,\"name\":\"\u00dcber uns\",\"item\":\"https:\/\/foerderverein-thermalbad-badbodendorf.de\/?page_id=6\"},{\"@type\":\"ListItem\",\"position\":2,\"name\":\"Entstehung\"}]},{\"@type\":\"WebSite\",\"@id\":\"https:\/\/foerderverein-thermalbad-badbodendorf.de\/#website\",\"url\":\"https:\/\/foerderverein-thermalbad-badbodendorf.de\/\",\"name\":\"Mit Rat und Tat f\u00fcr unser Thermalfreibad!\",\"description\":\"\",\"potentialAction\":[{\"@type\":\"SearchAction\",\"target\":{\"@type\":\"EntryPoint\",\"urlTemplate\":\"https:\/\/foerderverein-thermalbad-badbodendorf.de\/?s={search_term_string}\"},\"query-input\":{\"@type\":\"PropertyValueSpecification\",\"valueRequired\":true,\"valueName\":\"search_term_string\"}}],\"inLanguage\":\"de\"}]}<\/script>\n<!-- \/ Yoast SEO plugin. -->","yoast_head_json":{"title":"Entstehung - Mit Rat und Tat f\u00fcr unser Thermalfreibad!","robots":{"index":"index","follow":"follow","max-snippet":"max-snippet:-1","max-image-preview":"max-image-preview:large","max-video-preview":"max-video-preview:-1"},"canonical":"https:\/\/foerderverein-thermalbad-badbodendorf.de\/?page_id=670","twitter_misc":{"Gesch\u00e4tzte Lesezeit":"1\u00a0Minute"},"schema":{"@context":"https:\/\/schema.org","@graph":[{"@type":"WebPage","@id":"https:\/\/foerderverein-thermalbad-badbodendorf.de\/?page_id=670","url":"https:\/\/foerderverein-thermalbad-badbodendorf.de\/?page_id=670","name":"Entstehung - Mit Rat und Tat f\u00fcr unser Thermalfreibad!","isPartOf":{"@id":"https:\/\/foerderverein-thermalbad-badbodendorf.de\/#website"},"datePublished":"2013-01-02T11:41:21+00:00","dateModified":"2019-01-30T12:48:14+00:00","breadcrumb":{"@id":"https:\/\/foerderverein-thermalbad-badbodendorf.de\/?page_id=670#breadcrumb"},"inLanguage":"de","potentialAction":[{"@type":"ReadAction","target":["https:\/\/foerderverein-thermalbad-badbodendorf.de\/?page_id=670"]}]},{"@type":"BreadcrumbList","@id":"https:\/\/foerderverein-thermalbad-badbodendorf.de\/?page_id=670#breadcrumb","itemListElement":[{"@type":"ListItem","position":1,"name":"\u00dcber uns","item":"https:\/\/foerderverein-thermalbad-badbodendorf.de\/?page_id=6"},{"@type":"ListItem","position":2,"name":"Entstehung"}]},{"@type":"WebSite","@id":"https:\/\/foerderverein-thermalbad-badbodendorf.de\/#website","url":"https:\/\/foerderverein-thermalbad-badbodendorf.de\/","name":"Mit Rat und Tat f\u00fcr unser Thermalfreibad!","description":"","potentialAction":[{"@type":"SearchAction","target":{"@type":"EntryPoint","urlTemplate":"https:\/\/foerderverein-thermalbad-badbodendorf.de\/?s={search_term_string}"},"query-input":{"@type":"PropertyValueSpecification","valueRequired":true,"valueName":"search_term_string"}}],"inLanguage":"de"}]}},"_links":{"self":[{"href":"https:\/\/foerderverein-thermalbad-badbodendorf.de\/index.php?rest_route=\/wp\/v2\/pages\/670","targetHints":{"allow":["GET"]}}],"collection":[{"href":"https:\/\/foerderverein-thermalbad-badbodendorf.de\/index.php?rest_route=\/wp\/v2\/pages"}],"about":[{"href":"https:\/\/foerderverein-thermalbad-badbodendorf.de\/index.php?rest_route=\/wp\/v2\/types\/page"}],"author":[{"embeddable":true,"href":"https:\/\/foerderverein-thermalbad-badbodendorf.de\/index.php?rest_route=\/wp\/v2\/users\/1"}],"replies":[{"embeddable":true,"href":"https:\/\/foerderverein-thermalbad-badbodendorf.de\/index.php?rest_route=%2Fwp%2Fv2%2Fcomments&post=670"}],"version-history":[{"count":4,"href":"https:\/\/foerderverein-thermalbad-badbodendorf.de\/index.php?rest_route=\/wp\/v2\/pages\/670\/revisions"}],"predecessor-version":[{"id":1488,"href":"https:\/\/foerderverein-thermalbad-badbodendorf.de\/index.php?rest_route=\/wp\/v2\/pages\/670\/revisions\/1488"}],"up":[{"embeddable":true,"href":"https:\/\/foerderverein-thermalbad-badbodendorf.de\/index.php?rest_route=\/wp\/v2\/pages\/6"}],"wp:attachment":[{"href":"https:\/\/foerderverein-thermalbad-badbodendorf.de\/index.php?rest_route=%2Fwp%2Fv2%2Fmedia&parent=670"}],"curies":[{"name":"wp","href":"https:\/\/api.w.org\/{rel}","templated":true}]}}