{"id":789,"date":"2013-05-10T13:56:29","date_gmt":"2013-05-10T11:56:29","guid":{"rendered":"http:\/\/foerderverein-thermalbad-badbodendorf.de\/?page_id=789"},"modified":"2013-05-10T13:56:29","modified_gmt":"2013-05-10T11:56:29","slug":"beitragsordnung","status":"publish","type":"page","link":"https:\/\/foerderverein-thermalbad-badbodendorf.de\/?page_id=789","title":{"rendered":"Beitragsordnung"},"content":{"rendered":"<p><span style=\"font-size: medium;\">Sie k\u00f6nnen hier die Beitragsordnung auch als PDF-Datei herunterladen:\u00a0<a href=\"https:\/\/foerderverein-thermalbad-badbodendorf.de\/wp-content\/uploads\/2013\/05\/Beitragsordnung-des-F\u00f6rdervereins.pdf\">Beitragsordnung<\/a><\/span><\/p>\n<p>&nbsp;<\/p>\n<p>&nbsp;<\/p>\n<p align=\"center\"><span style=\"font-size: large;\"><strong>Beitragsordnung des F\u00f6rdervereins<\/strong><\/span><\/p>\n<p align=\"center\"><span style=\"font-size: large;\"><strong>\u201eFreunde des Thermalfreibades Sinzig-Bad Bodendorf e.V.\u201c<br \/>\n<\/strong><\/span><\/p>\n<p>&nbsp;<\/p>\n<p style=\"text-align: center;\"><span style=\"font-size: medium;\"><b>\u00a7 1 Grundsatz<\/b><\/span><\/p>\n<p><span style=\"font-size: medium;\"><b>\u00a0<\/b><\/span><\/p>\n<p><span style=\"font-size: medium;\">Grundlage f\u00fcr die Regelungen in der Beitragsordnung ist \u00a7 3 der Satzung.<\/span><\/p>\n<p><span style=\"font-size: medium;\">Diese Beitragsordnung ist nicht Bestandteil der Satzung. Sie regelt die Beitragsverpflichtungen der Mitglieder sowie die Geb\u00fchren und Umlagen. Sie tritt nach Beschluss der Mitgliederversammlung in Kraft und kann nur von der Mitgliederversammlung \u00a0ge\u00e4ndert werden.<\/span><\/p>\n<p><span style=\"font-size: medium;\">\u00a0<\/span><\/p>\n<p style=\"text-align: center;\"><span style=\"font-size: medium;\"><b>\u00a7 2 Geltungsbereich und Dauer<\/b><\/span><\/p>\n<p><span style=\"font-size: medium;\">\u00a0<\/span><\/p>\n<p><span style=\"font-size: medium;\">(1)\u00a0\u00a0 Die Beitragsordnung gilt f\u00fcr alle nat\u00fcrlichen und juristischen Personen des privaten und \u00f6ffentlichen Rechts des F\u00f6rdervereins \u201eFreunde des Thermalfreibades Sinzig-Bad Bodendorf e.V.\u201c.<\/span><\/p>\n<p><span style=\"font-size: medium;\">(2)\u00a0\u00a0 Die Beitragsordnung regelt die H\u00f6he, die F\u00e4lligkeit und die Zahlungsweise der Mitgliedsbeitr\u00e4ge. Spenden und andere Zuwendungen an den Verein sind nicht Gegenstand dieser Beitragsordnung.<\/span><\/p>\n<p><span style=\"font-size: medium;\">(3)\u00a0\u00a0 Die Beitragsordnung hat G\u00fcltigkeit, bis sie durch die Mitgliederversammlung ge\u00e4ndert oder aufgehoben wird.<\/span><\/p>\n<p><span style=\"font-size: medium;\">\u00a0<\/span><\/p>\n<p style=\"text-align: center;\"><span style=\"font-size: medium;\"><b>\u00a7 3 Beitragsh\u00f6he<\/b><\/span><\/p>\n<p><span style=\"font-size: medium;\">\u00a0<\/span><\/p>\n<p><span style=\"font-size: medium;\">(1)\u00a0\u00a0 Der Beitrag f\u00fcr die Einzelmitgliedschaft wird auf 24,00 \u20ac im Jahr festgelegt.<\/span><\/p>\n<p><span style=\"font-size: medium;\">(2) Der Beitrag f\u00fcr die Familienmitgliedschaft wird auf 36,00 \u20ac\u00a0 im Jahr und Familie festgelegt. Wobei alle Familienmitglieder im Haushalt des Antragstellers leben m\u00fcssen.<\/span><\/p>\n<p><span style=\"font-size: medium;\">(3) Der Beitrag f\u00fcr juristische Personen wird auf 100,00 \u20ac im Jahr festgelegt.<\/span><\/p>\n<p><span style=\"font-size: medium;\">(4) Zahlen Mitglieder einmalig oder dauerhaft einen h\u00f6heren als den festgelegten Jahresbeitrag, so wird der Differenzbetrag als allgemeine Spende behandelt.<\/span><\/p>\n<p><span style=\"font-size: medium;\">\u00a0<\/span><\/p>\n<p style=\"text-align: center;\"><span style=\"font-size: medium;\"><b>\u00a7 4 Zahlungsweise und F\u00e4lligkeit der Beitr\u00e4ge<\/b><\/span><\/p>\n<p><span style=\"font-size: medium;\">\u00a0<\/span><\/p>\n<p><span style=\"font-size: medium;\">(1) Der Vereinsbeitrag ist zum 31.03. des Jahres f\u00e4llig. Er wird als Jahresbeitrag einmal per Lastschrifteinzug erhoben. Die Erm\u00e4chtigung hierzu erteilt das Vereinsmitglied.<\/span><\/p>\n<p><span style=\"font-size: medium;\">(2) Das Mitglied tr\u00e4gt daf\u00fcr Sorge, dass der Lastschrifteinzug bei F\u00e4lligkeit des Beitrags ordnungsgem\u00e4\u00df erfolgen kann. Eine \u00c4nderung der Bankverbindung ist dem Verein rechtzeitig bekannt zugeben.<\/span><\/p>\n<p><span style=\"font-size: medium;\">(3) Wird eine berechtigt eingereichte Lastschrift nicht eingel\u00f6st oder wegen Widerspruch zur\u00fcckbelastet, so tr\u00e4gt das Mitglied die dem Verein ggf. entstehenden Kosten.<\/span><\/p>\n<p><span style=\"font-size: medium;\">(4) Mitglieder, die nicht am Lastschrifteinzugverfahren teilnehmen, haben die Mitgliedsbeitr\u00e4ge zum F\u00e4lligkeitszeitpunkt auf das Vereinskonto zu \u00fcberweisen. (Nr. 188243 Kreissparkasse Ahrweiler BLZ 57751310)<\/span><\/p>\n<p><span style=\"font-size: medium;\">(5) Neumitgliedern, die am Lastschrifteinzugverfahren teilnehmen, wird der Jahresbeitrag 4 Wochen nach Vereinsbeitritt eingezogen.<\/span><\/p>\n<p><span style=\"font-size: medium;\">(6) Neumitgliedern, die nicht am Lastschrifteinzugverfahren teilnehmen, haben den Jahresbeitrag 4 Wochen nach Vereinsbeitritt zu zahlen.<\/span><\/p>\n<p><span style=\"font-size: medium;\">(7) Bei Eintritt in den Verein w\u00e4hrend des Jahres ist grunds\u00e4tzlich der volle Beitrag zu zahlen. Bei Austritt im laufenden Jahr besteht kein Anspruch auf Erstattung von Beitr\u00e4gen.<\/span><\/p>\n<p><span style=\"font-size: medium;\">\u00a0<\/span><\/p>\n<p style=\"text-align: center;\"><span style=\"font-size: medium;\"><b>\u00a7 5 Ausnahmen<\/b><\/span><\/p>\n<p><span style=\"font-size: medium;\">\u00a0<\/span><\/p>\n<p><span style=\"font-size: medium;\">In H\u00e4rtef\u00e4llen kann der Vorstand den Beitrag mindern oder g\u00e4nzlich erlassen.<\/span><\/p>\n<p><span style=\"font-size: medium;\">\u00a0<\/span><\/p>\n<p style=\"text-align: center;\"><span style=\"font-size: medium;\"><b>\u00a7 6 \u00c4nderung der Beitragsordnung<\/b><\/span><\/p>\n<p><span style=\"font-size: medium;\"><b>\u00a0<\/b><\/span><\/p>\n<p><span style=\"font-size: medium;\">(1) Diese Beitragsordnung kann durch die Mitgliederversammlung mit einfacher Mehrheit ge\u00e4ndert oder aufgehoben werden.<\/span><\/p>\n<p><span style=\"font-size: medium;\">(2) Eine \u00c4nderung oder Aufhebung der Beitragsordnung wird mit Beginn des folgenden Kalenderjahres wirksam.<\/span><\/p>\n<p><span style=\"font-size: medium;\">\u00a0<\/span><\/p>\n<p><span style=\"font-size: medium;\">\u00a0<\/span><\/p>\n<p><span style=\"font-size: medium;\">Sinzig, 29.10.2012<\/span><\/p>\n<p><span style=\"font-size: medium;\">\u00a0<\/span><\/p>\n","protected":false},"excerpt":{"rendered":"<p>Sie k\u00f6nnen hier die Beitragsordnung auch als PDF-Datei herunterladen:\u00a0Beitragsordnung &nbsp; &nbsp; Beitragsordnung des F\u00f6rdervereins \u201eFreunde des Thermalfreibades Sinzig-Bad Bodendorf e.V.\u201c &nbsp; \u00a7 1 Grundsatz \u00a0 Grundlage f\u00fcr die Regelungen in der Beitragsordnung ist \u00a7 3 der Satzung. Diese Beitragsordnung ist nicht Bestandteil der Satzung. Sie regelt die Beitragsverpflichtungen der Mitglieder sowie die Geb\u00fchren und Umlagen. &hellip; <\/p>\n<p><a class=\"more-link btn\" href=\"https:\/\/foerderverein-thermalbad-badbodendorf.de\/?page_id=789\">Weiterlesen<\/a><\/p>\n","protected":false},"author":1,"featured_media":0,"parent":59,"menu_order":30,"comment_status":"closed","ping_status":"open","template":"","meta":{"footnotes":""},"class_list":["post-789","page","type-page","status-publish","hentry","nodate","item-wrap"],"yoast_head":"<!-- This site is optimized with the Yoast SEO plugin v27.1.1 - https:\/\/yoast.com\/product\/yoast-seo-wordpress\/ -->\n<title>Beitragsordnung - Mit Rat und Tat f\u00fcr unser Thermalfreibad!<\/title>\n<meta name=\"robots\" content=\"index, follow, max-snippet:-1, max-image-preview:large, max-video-preview:-1\" \/>\n<link rel=\"canonical\" href=\"https:\/\/foerderverein-thermalbad-badbodendorf.de\/?page_id=789\" \/>\n<meta name=\"twitter:label1\" content=\"Gesch\u00e4tzte Lesezeit\" \/>\n\t<meta name=\"twitter:data1\" content=\"2\u00a0Minuten\" \/>\n<script type=\"application\/ld+json\" class=\"yoast-schema-graph\">{\"@context\":\"https:\/\/schema.org\",\"@graph\":[{\"@type\":\"WebPage\",\"@id\":\"https:\/\/foerderverein-thermalbad-badbodendorf.de\/?page_id=789\",\"url\":\"https:\/\/foerderverein-thermalbad-badbodendorf.de\/?page_id=789\",\"name\":\"Beitragsordnung - Mit Rat und Tat f\u00fcr unser Thermalfreibad!\",\"isPartOf\":{\"@id\":\"https:\/\/foerderverein-thermalbad-badbodendorf.de\/#website\"},\"datePublished\":\"2013-05-10T11:56:29+00:00\",\"breadcrumb\":{\"@id\":\"https:\/\/foerderverein-thermalbad-badbodendorf.de\/?page_id=789#breadcrumb\"},\"inLanguage\":\"de\",\"potentialAction\":[{\"@type\":\"ReadAction\",\"target\":[\"https:\/\/foerderverein-thermalbad-badbodendorf.de\/?page_id=789\"]}]},{\"@type\":\"BreadcrumbList\",\"@id\":\"https:\/\/foerderverein-thermalbad-badbodendorf.de\/?page_id=789#breadcrumb\",\"itemListElement\":[{\"@type\":\"ListItem\",\"position\":1,\"name\":\"Beitritt &#038; Satzung\",\"item\":\"https:\/\/foerderverein-thermalbad-badbodendorf.de\/?page_id=59\"},{\"@type\":\"ListItem\",\"position\":2,\"name\":\"Beitragsordnung\"}]},{\"@type\":\"WebSite\",\"@id\":\"https:\/\/foerderverein-thermalbad-badbodendorf.de\/#website\",\"url\":\"https:\/\/foerderverein-thermalbad-badbodendorf.de\/\",\"name\":\"Mit Rat und Tat f\u00fcr unser Thermalfreibad!\",\"description\":\"\",\"potentialAction\":[{\"@type\":\"SearchAction\",\"target\":{\"@type\":\"EntryPoint\",\"urlTemplate\":\"https:\/\/foerderverein-thermalbad-badbodendorf.de\/?s={search_term_string}\"},\"query-input\":{\"@type\":\"PropertyValueSpecification\",\"valueRequired\":true,\"valueName\":\"search_term_string\"}}],\"inLanguage\":\"de\"}]}<\/script>\n<!-- \/ Yoast SEO plugin. -->","yoast_head_json":{"title":"Beitragsordnung - Mit Rat und Tat f\u00fcr unser Thermalfreibad!","robots":{"index":"index","follow":"follow","max-snippet":"max-snippet:-1","max-image-preview":"max-image-preview:large","max-video-preview":"max-video-preview:-1"},"canonical":"https:\/\/foerderverein-thermalbad-badbodendorf.de\/?page_id=789","twitter_misc":{"Gesch\u00e4tzte Lesezeit":"2\u00a0Minuten"},"schema":{"@context":"https:\/\/schema.org","@graph":[{"@type":"WebPage","@id":"https:\/\/foerderverein-thermalbad-badbodendorf.de\/?page_id=789","url":"https:\/\/foerderverein-thermalbad-badbodendorf.de\/?page_id=789","name":"Beitragsordnung - Mit Rat und Tat f\u00fcr unser Thermalfreibad!","isPartOf":{"@id":"https:\/\/foerderverein-thermalbad-badbodendorf.de\/#website"},"datePublished":"2013-05-10T11:56:29+00:00","breadcrumb":{"@id":"https:\/\/foerderverein-thermalbad-badbodendorf.de\/?page_id=789#breadcrumb"},"inLanguage":"de","potentialAction":[{"@type":"ReadAction","target":["https:\/\/foerderverein-thermalbad-badbodendorf.de\/?page_id=789"]}]},{"@type":"BreadcrumbList","@id":"https:\/\/foerderverein-thermalbad-badbodendorf.de\/?page_id=789#breadcrumb","itemListElement":[{"@type":"ListItem","position":1,"name":"Beitritt &#038; Satzung","item":"https:\/\/foerderverein-thermalbad-badbodendorf.de\/?page_id=59"},{"@type":"ListItem","position":2,"name":"Beitragsordnung"}]},{"@type":"WebSite","@id":"https:\/\/foerderverein-thermalbad-badbodendorf.de\/#website","url":"https:\/\/foerderverein-thermalbad-badbodendorf.de\/","name":"Mit Rat und Tat f\u00fcr unser Thermalfreibad!","description":"","potentialAction":[{"@type":"SearchAction","target":{"@type":"EntryPoint","urlTemplate":"https:\/\/foerderverein-thermalbad-badbodendorf.de\/?s={search_term_string}"},"query-input":{"@type":"PropertyValueSpecification","valueRequired":true,"valueName":"search_term_string"}}],"inLanguage":"de"}]}},"_links":{"self":[{"href":"https:\/\/foerderverein-thermalbad-badbodendorf.de\/index.php?rest_route=\/wp\/v2\/pages\/789","targetHints":{"allow":["GET"]}}],"collection":[{"href":"https:\/\/foerderverein-thermalbad-badbodendorf.de\/index.php?rest_route=\/wp\/v2\/pages"}],"about":[{"href":"https:\/\/foerderverein-thermalbad-badbodendorf.de\/index.php?rest_route=\/wp\/v2\/types\/page"}],"author":[{"embeddable":true,"href":"https:\/\/foerderverein-thermalbad-badbodendorf.de\/index.php?rest_route=\/wp\/v2\/users\/1"}],"replies":[{"embeddable":true,"href":"https:\/\/foerderverein-thermalbad-badbodendorf.de\/index.php?rest_route=%2Fwp%2Fv2%2Fcomments&post=789"}],"version-history":[{"count":5,"href":"https:\/\/foerderverein-thermalbad-badbodendorf.de\/index.php?rest_route=\/wp\/v2\/pages\/789\/revisions"}],"predecessor-version":[{"id":811,"href":"https:\/\/foerderverein-thermalbad-badbodendorf.de\/index.php?rest_route=\/wp\/v2\/pages\/789\/revisions\/811"}],"up":[{"embeddable":true,"href":"https:\/\/foerderverein-thermalbad-badbodendorf.de\/index.php?rest_route=\/wp\/v2\/pages\/59"}],"wp:attachment":[{"href":"https:\/\/foerderverein-thermalbad-badbodendorf.de\/index.php?rest_route=%2Fwp%2Fv2%2Fmedia&parent=789"}],"curies":[{"name":"wp","href":"https:\/\/api.w.org\/{rel}","templated":true}]}}